{"id":20,"date":"2023-11-20T17:42:06","date_gmt":"2023-11-20T17:42:06","guid":{"rendered":"https:\/\/hidiferestacionesdeservicio.com\/?page_id=20"},"modified":"2023-11-22T17:59:09","modified_gmt":"2023-11-22T17:59:09","slug":"home","status":"publish","type":"page","link":"https:\/\/hidiferestacionesdeservicio.com\/","title":{"rendered":"Home"},"content":{"rendered":"<p>[et_pb_section fb_built=\u00bb1&#8243; fullwidth=\u00bbon\u00bb _builder_version=\u00bb4.23.1&#8243; _module_preset=\u00bbdefault\u00bb global_colors_info=\u00bb{}\u00bb][et_pb_fullwidth_slider arrows_custom_color=\u00bb#ffffff\u00bb dot_nav_custom_color=\u00bbrgba(0,0,0,0)\u00bb _builder_version=\u00bb4.23.1&#8243; header_text_align=\u00bbleft\u00bb header_text_color=\u00bb#ffffff\u00bb header_font_size=\u00bb0px\u00bb header_line_height=\u00bb0em\u00bb body_text_align=\u00bbleft\u00bb body_text_color=\u00bb#ffffff\u00bb body_font_size=\u00bb90px\u00bb body_letter_spacing=\u00bb-1px\u00bb body_line_height=\u00bb1.1em\u00bb background_color=\u00bbrgba(0,0,0,0)\u00bb button_icon=\u00bb%%3%%\u00bb button_on_hover=\u00bboff\u00bb button_alignment=\u00bbleft\u00bb content_width_tablet=\u00bb94%\u00bb content_width_phone=\u00bb80%\u00bb content_width_last_edited=\u00bboff|desktop\u00bb content_max_width=\u00bb1300px\u00bb custom_margin=\u00bb0px||0px||true|false\u00bb custom_padding=\u00bb150px||200px||false|false\u00bb custom_padding_tablet=\u00bb120px||100px||false|true\u00bb custom_padding_phone=\u00bb80px|0px|100px|0px|false|true\u00bb custom_padding_last_edited=\u00bbon|phone\u00bb hover_enabled=\u00bb0&#8243; body_text_align_tablet=\u00bbcenter\u00bb body_text_align_phone=\u00bbcenter\u00bb body_text_align_last_edited=\u00bbon|phone\u00bb body_font_size_tablet=\u00bb50px\u00bb body_font_size_phone=\u00bb30px\u00bb body_font_size_last_edited=\u00bbon|phone\u00bb body_letter_spacing_tablet=\u00bb\u00bb body_letter_spacing_phone=\u00bb0px\u00bb body_letter_spacing_last_edited=\u00bbon|phone\u00bb body_line_height_tablet=\u00bb\u00bb body_line_height_phone=\u00bb1.2em\u00bb body_line_height_last_edited=\u00bbon|phone\u00bb button_alignment_tablet=\u00bbcenter\u00bb button_alignment_phone=\u00bbcenter\u00bb button_alignment_last_edited=\u00bbon|tablet\u00bb header_text_shadow_style=\u00bbpreset1&#8243; header_text_shadow_color=\u00bbrgba(0,0,0,0)\u00bb body_text_shadow_style=\u00bbpreset1&#8243; body_text_shadow_color=\u00bbrgba(0,0,0,0)\u00bb global_colors_info=\u00bb{}\u00bb button_text_color__hover_enabled=\u00bbon|hover\u00bb button_text_color__hover=\u00bb#D81324&#8243; button_bg_color__hover_enabled=\u00bbon|hover\u00bb button_bg_color__hover=\u00bb#ffffff\u00bb button_bg_enable_color__hover=\u00bbon\u00bb button_border_color__hover_enabled=\u00bbon|hover\u00bb button_border_color__hover=\u00bb#ffffff\u00bb button_letter_spacing__hover_enabled=\u00bbon|desktop\u00bb button_letter_spacing__hover=\u00bb0px\u00bb sticky_enabled=\u00bb0&#8243;][et_pb_slide heading=\u00bbHidifer\u00bb button_text=\u00bbSaber m\u00e1s\u00bb _builder_version=\u00bb4.23.1&#8243; header_font=\u00bb|600||on|||||\u00bb header_font_size=\u00bb25px\u00bb header_letter_spacing=\u00bb1px\u00bb header_line_height=\u00bb1.3em\u00bb body_font=\u00bb|800|||||||\u00bb body_font_size=\u00bb50px\u00bb body_letter_spacing=\u00bb1px\u00bb background_color=\u00bb#101F44&#8243; background_enable_color=\u00bbon\u00bb use_background_color_gradient=\u00bbon\u00bb background_color_gradient_direction=\u00bb90deg\u00bb background_color_gradient_stops=\u00bbrgba(0,0,0,0.54) 0%|rgba(0,0,0,0.5) 100%\u00bb background_color_gradient_overlays_image=\u00bbon\u00bb background_color_gradient_start=\u00bbrgba(0,0,0,0.54)\u00bb background_color_gradient_end=\u00bbrgba(0,0,0,0.18)\u00bb background_image=\u00bbhttps:\/\/hidiferestacionesdeservicio.com\/wp-content\/uploads\/2023\/11\/Comunidad-Europea_1-scaled.jpg\u00bb background_enable_image=\u00bbon\u00bb custom_button=\u00bbon\u00bb button_text_size=\u00bb16px\u00bb button_text_color=\u00bb#FFFFFF\u00bb button_bg_color=\u00bb#101F44&#8243; button_border_color=\u00bb#8DC63F\u00bb button_border_radius=\u00bb5px\u00bb button_letter_spacing=\u00bb1px\u00bb button_font=\u00bb|700||on|||||\u00bb button_use_icon=\u00bboff\u00bb button_custom_padding=\u00bb10px|25px|10px|25px|true|true\u00bb custom_padding=\u00bb||||true|false\u00bb hover_enabled=\u00bb0&#8243; header_font_size_tablet=\u00bb22px\u00bb header_font_size_phone=\u00bb16px\u00bb header_font_size_last_edited=\u00bbon|tablet\u00bb body_text_align_tablet=\u00bbleft\u00bb body_text_align_phone=\u00bbleft\u00bb body_text_align_last_edited=\u00bbon|tablet\u00bb body_font_size_tablet=\u00bb35px\u00bb body_font_size_phone=\u00bb22px\u00bb body_font_size_last_edited=\u00bbon|phone\u00bb body_letter_spacing_tablet=\u00bb1px\u00bb body_letter_spacing_phone=\u00bb0.5px\u00bb body_letter_spacing_last_edited=\u00bbon|phone\u00bb button_text_size_tablet=\u00bb16px\u00bb button_text_size_phone=\u00bb14px\u00bb button_text_size_last_edited=\u00bbon|phone\u00bb button_alignment_tablet=\u00bbleft\u00bb button_alignment_phone=\u00bbleft\u00bb button_alignment_last_edited=\u00bbon|tablet\u00bb button_text_shadow_style=\u00bbpreset3&#8243; button_text_shadow_color=\u00bbrgba(0,0,0,0.3)\u00bb global_colors_info=\u00bb{}\u00bb button_bg_color__hover_enabled=\u00bbon|hover\u00bb button_bg_color__hover=\u00bb#8DC63F\u00bb button_bg_enable_color__hover=\u00bbon\u00bb sticky_transition=\u00bbon\u00bb _dynamic_attributes=\u00bbbutton_link\u00bb sticky_enabled=\u00bb0&#8243; button_link=\u00bb@ET-DC@eyJkeW5hbWljIjp0cnVlLCJjb250ZW50IjoicG9zdF9saW5rX3VybF9wYWdlIiwic2V0dGluZ3MiOnsicG9zdF9pZCI6Ijg4In19@\u00bb]<\/p>\n<p>Descubre todas nuestras<br \/>estaciones de servicio<\/p>\n<p>[\/et_pb_slide][\/et_pb_fullwidth_slider][\/et_pb_section][et_pb_section fb_built=\u00bb1&#8243; _builder_version=\u00bb4.23.1&#8243; background_color=\u00bb#F9F9F9&#8243; custom_padding=\u00bb||70px||false|false\u00bb global_colors_info=\u00bb{}\u00bb][et_pb_row column_structure=\u00bb1_2,1_2&#8243; use_custom_gutter=\u00bbon\u00bb gutter_width=\u00bb2&#8243; make_equal=\u00bbon\u00bb custom_padding_last_edited=\u00bbon|tablet\u00bb _builder_version=\u00bb4.23.1&#8243; width_tablet=\u00bb90%\u00bb width_phone=\u00bb90%\u00bb width_last_edited=\u00bboff|desktop\u00bb max_width_tablet=\u00bb90%\u00bb max_width_phone=\u00bb90%\u00bb max_width_last_edited=\u00bboff|desktop\u00bb custom_padding=\u00bb90px||||false|false\u00bb custom_padding_tablet=\u00bb0px||||false|false\u00bb custom_padding_phone=\u00bb0px||||false|false\u00bb global_colors_info=\u00bb{}\u00bb][et_pb_column type=\u00bb1_2&#8243; _builder_version=\u00bb4.23.1&#8243; custom_padding=\u00bb|5%|||false|false\u00bb custom_padding_tablet=\u00bb|0%|||false|false\u00bb custom_padding_phone=\u00bb|0%|||false|false\u00bb custom_padding_last_edited=\u00bbon|phone\u00bb animation_style=\u00bbfade\u00bb animation_delay=\u00bb300ms\u00bb global_colors_info=\u00bb{}\u00bb][et_pb_text _builder_version=\u00bb4.23.1&#8243; header_2_font=\u00bb|800|||||||\u00bb header_2_text_color=\u00bb#101F44&#8243; header_2_font_size=\u00bb45px\u00bb header_2_line_height=\u00bb1.2em\u00bb custom_margin=\u00bb20px||||false|false\u00bb header_2_font_size_tablet=\u00bb35px\u00bb header_2_font_size_phone=\u00bb25px\u00bb header_2_font_size_last_edited=\u00bbon|phone\u00bb global_colors_info=\u00bb{}\u00bb]<\/p>\n<h2>Sobre nosotros<\/h2>\n<p>[\/et_pb_text][et_pb_text _builder_version=\u00bb4.23.1&#8243; custom_margin_tablet=\u00bb-13px||||false|false\u00bb custom_margin_phone=\u00bb-10px||||false|false\u00bb custom_margin_last_edited=\u00bboff|desktop\u00bb custom_padding=\u00bb0px||||false|false\u00bb global_colors_info=\u00bb{}\u00bb]<\/p>\n<p>Hidifer es una empresa l\u00edder en el <strong>sector de combustibles<\/strong> con una red de <strong>cinco modernas gasolineras estrat\u00e9gicamente ubicadas<\/strong> para brindar un servicio eficiente a nuestros clientes.<\/p>\n<p>Nos enorgullece ofrecer <strong>productos de alta calidad, servicios innovadores y un compromiso<\/strong> constante con la sostenibilidad ambiental.<\/p>\n<p>[\/et_pb_text][et_pb_blurb title=\u00bbEmpresa familiar formada por m\u00e1s de 30 personas\u00bb use_icon=\u00bbon\u00bb font_icon=\u00bb&#x5c;||divi||400&#8243; icon_color=\u00bb#8DC63F\u00bb icon_placement=\u00bbleft\u00bb image_icon_width=\u00bb20px\u00bb content_max_width=\u00bb100%\u00bb _builder_version=\u00bb4.23.1&#8243; header_text_color=\u00bb#101F44&#8243; header_font_size=\u00bb15px\u00bb header_line_height=\u00bb1.2em\u00bb image_icon_custom_margin=\u00bb||||false|false\u00bb image_icon_custom_padding=\u00bb|0px|||false|false\u00bb custom_margin=\u00bb30px||||false|false\u00bb animation=\u00bboff\u00bb header_line_height_tablet=\u00bb\u00bb header_line_height_phone=\u00bb1.6em\u00bb header_line_height_last_edited=\u00bbon|phone\u00bb custom_css_blurb_title=\u00bbmargin-left: -10px;\u00bb image_max_width=\u00bb18px\u00bb global_colors_info=\u00bb{}\u00bb][\/et_pb_blurb][et_pb_blurb title=\u00bbTrabajamos con marcas l\u00edderes en gas\u00f3leo, neum\u00e1ticos y lubricantes\u00bb use_icon=\u00bbon\u00bb font_icon=\u00bb&#x5c;||divi||400&#8243; icon_color=\u00bb#8DC63F\u00bb icon_placement=\u00bbleft\u00bb image_icon_width=\u00bb20px\u00bb content_max_width=\u00bb100%\u00bb _builder_version=\u00bb4.23.1&#8243; header_text_color=\u00bb#101F44&#8243; header_font_size=\u00bb15px\u00bb header_line_height=\u00bb1.2em\u00bb image_icon_custom_margin=\u00bb||||false|false\u00bb image_icon_custom_padding=\u00bb|0px|||false|false\u00bb custom_margin=\u00bb0px||||false|false\u00bb animation=\u00bboff\u00bb header_line_height_tablet=\u00bb\u00bb header_line_height_phone=\u00bb1.6em\u00bb header_line_height_last_edited=\u00bbon|phone\u00bb custom_css_blurb_title=\u00bbmargin-left: -10px;\u00bb image_max_width=\u00bb18px\u00bb global_colors_info=\u00bb{}\u00bb][\/et_pb_blurb][et_pb_blurb title=\u00bbEncargados de la distribuci\u00f3n y el suministro de combustibles\u00bb use_icon=\u00bbon\u00bb font_icon=\u00bb&#x5c;||divi||400&#8243; icon_color=\u00bb#8DC63F\u00bb icon_placement=\u00bbleft\u00bb image_icon_width=\u00bb20px\u00bb content_max_width=\u00bb100%\u00bb _builder_version=\u00bb4.23.1&#8243; header_text_color=\u00bb#101F44&#8243; header_font_size=\u00bb15px\u00bb header_line_height=\u00bb1.2em\u00bb image_icon_custom_margin=\u00bb||||false|false\u00bb image_icon_custom_padding=\u00bb|0px|||false|false\u00bb custom_margin=\u00bb0px||||false|false\u00bb animation=\u00bboff\u00bb header_line_height_tablet=\u00bb\u00bb header_line_height_phone=\u00bb1.6em\u00bb header_line_height_last_edited=\u00bbon|phone\u00bb custom_css_blurb_title=\u00bbmargin-left: -10px;\u00bb image_max_width=\u00bb18px\u00bb global_colors_info=\u00bb{}\u00bb][\/et_pb_blurb][\/et_pb_column][et_pb_column type=\u00bb1_2&#8243; _builder_version=\u00bb4.23.1&#8243; global_colors_info=\u00bb{}\u00bb][et_pb_image src=\u00bbhttps:\/\/hidiferestacionesdeservicio.com\/wp-content\/uploads\/2023\/11\/gasolina.png\u00bb title_text=\u00bbgasolina\u00bb align=\u00bbright\u00bb _builder_version=\u00bb4.23.1&#8243; custom_margin_tablet=\u00bb20px||||false|false\u00bb custom_margin_phone=\u00bb50px||||false|false\u00bb custom_margin_last_edited=\u00bbon|phone\u00bb animation_style=\u00bbfade\u00bb border_radii=\u00bbon|5px|5px|5px|5px\u00bb global_colors_info=\u00bb{}\u00bb][\/et_pb_image][et_pb_number_counter title=\u00bba\u00f1os experiencia en el sector\u00bb number=\u00bb+30&#8243; percent_sign=\u00bboff\u00bb _builder_version=\u00bb4.23.1&#8243; _module_preset=\u00bbdefault\u00bb title_text_color=\u00bb#8DC63F\u00bb number_font=\u00bb|800|||||||\u00bb number_text_color=\u00bb#8DC63F\u00bb background_color=\u00bb#101F44&#8243; width=\u00bb50%\u00bb width_tablet=\u00bb50%\u00bb width_phone=\u00bb90%\u00bb width_last_edited=\u00bbon|tablet\u00bb module_alignment=\u00bbcenter\u00bb custom_margin=\u00bb-100px||||false|false\u00bb custom_margin_tablet=\u00bb-80px||||false|false\u00bb custom_margin_phone=\u00bb-50px||||false|false\u00bb custom_margin_last_edited=\u00bbon|tablet\u00bb custom_padding=\u00bb20px|30px|20px|30px|true|true\u00bb animation_style=\u00bbslide\u00bb animation_direction=\u00bbbottom\u00bb animation_intensity_slide=\u00bb5%\u00bb title_font_size_tablet=\u00bb22px\u00bb title_font_size_phone=\u00bb20px\u00bb title_font_size_last_edited=\u00bbon|phone\u00bb number_font_size_tablet=\u00bb60px\u00bb number_font_size_phone=\u00bb50px\u00bb number_font_size_last_edited=\u00bbon|tablet\u00bb number_text_shadow_style=\u00bbpreset3&#8243; number_text_shadow_color=\u00bbrgba(0,0,0,0.3)\u00bb border_radii=\u00bbon|5px|5px|5px|5px\u00bb border_width_all=\u00bb2px\u00bb border_color_all=\u00bb#8DC63F\u00bb box_shadow_style=\u00bbpreset1&#8243; global_colors_info=\u00bb{}\u00bb][\/et_pb_number_counter][\/et_pb_column][\/et_pb_row][\/et_pb_section][et_pb_section fb_built=\u00bb1&#8243; _builder_version=\u00bb4.16&#8243; custom_padding=\u00bb0px||0px||true|\u00bb global_colors_info=\u00bb{}\u00bb][et_pb_row column_structure=\u00bb1_2,1_2&#8243; use_custom_gutter=\u00bbon\u00bb gutter_width=\u00bb1&#8243; make_equal=\u00bbon\u00bb custom_padding_last_edited=\u00bbon|tablet\u00bb disabled_on=\u00bbon|on|off\u00bb _builder_version=\u00bb4.23.1&#8243; width=\u00bb100%\u00bb width_tablet=\u00bb80%\u00bb width_phone=\u00bb80%\u00bb width_last_edited=\u00bbon|tablet\u00bb max_width=\u00bb100%\u00bb custom_padding=\u00bb0px||80px||false|false\u00bb custom_padding_tablet=\u00bb0px||80px||false|false\u00bb custom_padding_phone=\u00bb0px||80px||false|false\u00bb global_colors_info=\u00bb{}\u00bb][et_pb_column type=\u00bb1_2&#8243; _builder_version=\u00bb4.23.1&#8243; background_color=\u00bb#FFFFFF\u00bb background_image=\u00bbhttps:\/\/hidiferestacionesdeservicio.com\/wp-content\/uploads\/2023\/11\/2021-05-24-1.jpg\u00bb background_position=\u00bbbottom_left\u00bb custom_padding_tablet=\u00bb0px||0px||true|false\u00bb custom_padding_phone=\u00bb0px||0px||true|false\u00bb custom_padding_last_edited=\u00bbon|tablet\u00bb border_color_bottom=\u00bb#f5f5f5&#8243; border_width_bottom_tablet=\u00bb0px\u00bb border_width_bottom_phone=\u00bb0px\u00bb border_width_bottom_last_edited=\u00bboff|desktop\u00bb global_colors_info=\u00bb{}\u00bb][et_pb_divider show_divider=\u00bboff\u00bb disabled_on=\u00bbon|on|off\u00bb _builder_version=\u00bb4.23.1&#8243; custom_margin=\u00bb0px||0px||true|false\u00bb custom_padding=\u00bb30%||30%||true|false\u00bb custom_padding_tablet=\u00bb0%||0%||true|false\u00bb custom_padding_phone=\u00bb0%||0%||true|false\u00bb custom_padding_last_edited=\u00bbon|tablet\u00bb locked=\u00bboff\u00bb global_colors_info=\u00bb{}\u00bb][\/et_pb_divider][\/et_pb_column][et_pb_column type=\u00bb1_2&#8243; _builder_version=\u00bb4.23.1&#8243; background_color=\u00bb#FFFFFF\u00bb custom_padding=\u00bb4vh|12vh|6vh|12vh|false|true\u00bb custom_padding_tablet=\u00bb5vh|6vh|2vh|6vh|false|true\u00bb custom_padding_phone=\u00bb3vh|4vh|9vh|4vh|false|true\u00bb custom_padding_last_edited=\u00bbon|phone\u00bb border_width_top=\u00bb60px\u00bb border_color_top=\u00bb#F9F9F9&#8243; border_color_bottom=\u00bb#f5f5f5&#8243; border_width_top_tablet=\u00bb0px\u00bb border_width_top_phone=\u00bb0px\u00bb border_width_top_last_edited=\u00bbon|phone\u00bb global_colors_info=\u00bb{}\u00bb][et_pb_text _builder_version=\u00bb4.23.1&#8243; header_2_font=\u00bb|800|||||||\u00bb header_2_text_color=\u00bb#0b2154&#8243; header_2_font_size=\u00bb45px\u00bb header_2_line_height=\u00bb1.2em\u00bb custom_margin=\u00bb30px||||false|false\u00bb animation_style=\u00bbfade\u00bb animation_delay=\u00bb300ms\u00bb header_2_font_size_tablet=\u00bb\u00bb header_2_font_size_phone=\u00bb25px\u00bb header_2_font_size_last_edited=\u00bbon|phone\u00bb header_2_line_height_phone=\u00bb1.4em\u00bb header_2_line_height_last_edited=\u00bboff|desktop\u00bb global_colors_info=\u00bb{}\u00bb header_2_letter_spacing__hover_enabled=\u00bboff|desktop\u00bb]<\/p>\n<h2>Estaciones de servicio<\/h2>\n<p>[\/et_pb_text][et_pb_text _builder_version=\u00bb4.23.1&#8243; text_line_height=\u00bb1.8em\u00bb custom_margin=\u00bb||30px||false|false\u00bb custom_padding=\u00bb14px||||false|false\u00bb animation_style=\u00bbfade\u00bb animation_delay=\u00bb300ms\u00bb global_colors_info=\u00bb{}\u00bb]<\/p>\n<p><span>En Hidifer, nos esforzamos por ofrecer no solo <strong>combustibles de alta calidad<\/strong>, sino tambi\u00e9n una experiencia completa para nuestros clientes. Desde la atenci\u00f3n al cliente hasta la sostenibilidad ambiental, estamos <strong>comprometidos con la excelencia<\/strong> en todos los aspectos de nuestro negocio.<\/span><\/p>\n<p>[\/et_pb_text][et_pb_accordion open_toggle_text_color=\u00bb#101F44&#8243; open_toggle_background_color=\u00bbRGBA(255,255,255,0)\u00bb closed_toggle_background_color=\u00bbRGBA(255,255,255,0)\u00bb icon_color=\u00bb#8DC63F\u00bb _builder_version=\u00bb4.23.1&#8243; _module_preset=\u00bbdefault\u00bb toggle_text_color=\u00bb#101F44&#8243; toggle_font=\u00bb|800|||||||\u00bb border_width_all=\u00bb0px\u00bb border_width_bottom=\u00bb1px\u00bb border_color_bottom=\u00bb#8DC63F\u00bb global_colors_info=\u00bb{}\u00bb][et_pb_accordion_item title=\u00bb\u00bfD\u00f3nde est\u00e1n nuestras estaciones?\u00bb open=\u00bbon\u00bb _builder_version=\u00bb4.23.1&#8243; _module_preset=\u00bbdefault\u00bb global_colors_info=\u00bb{}\u00bb]<\/p>\n<p>Nuestras gasolineras est\u00e1n distribuidas entre Grijota, Burgos, Villarramiel y Sarrac\u00edn.<\/p>\n<p>[\/et_pb_accordion_item][et_pb_accordion_item title=\u00bb\u00bfCon qu\u00e9 variedad de combustibles trabajamos?\u00bb _builder_version=\u00bb4.23.1&#8243; _module_preset=\u00bbdefault\u00bb global_colors_info=\u00bb{}\u00bb open=\u00bboff\u00bb]<\/p>\n<p><span>No solo ofrecemos combustibles tradicionales como la gasolina o el di\u00e9sel, tambi\u00e9n cuenta con botellas de gas butano y propano y Adblue.\u00a0<\/span><\/p>\n<p>[\/et_pb_accordion_item][et_pb_accordion_item title=\u00bb\u00bfQu\u00e9 ofrecemos a los veh\u00edculos el\u00e9ctricos?\u00bb _builder_version=\u00bb4.23.1&#8243; _module_preset=\u00bbdefault\u00bb global_colors_info=\u00bb{}\u00bb open=\u00bboff\u00bb]<\/p>\n<p><span>Contamos con puntos de recarga r\u00e1pida para este tipo de coches en ubicaciones estrat\u00e9gicas para una \u00f3ptima planificaci\u00f3n de tu viaje.<\/span><\/p>\n<p>[\/et_pb_accordion_item][\/et_pb_accordion][\/et_pb_column][\/et_pb_row][et_pb_row use_custom_gutter=\u00bbon\u00bb gutter_width=\u00bb1&#8243; make_equal=\u00bbon\u00bb custom_padding_last_edited=\u00bbon|phone\u00bb disabled_on=\u00bboff|off|on\u00bb _builder_version=\u00bb4.23.1&#8243; width=\u00bb100%\u00bb width_tablet=\u00bb80%\u00bb width_phone=\u00bb80%\u00bb width_last_edited=\u00bbon|tablet\u00bb max_width=\u00bb100%\u00bb custom_padding=\u00bb80px||80px||false|false\u00bb custom_padding_tablet=\u00bb0px||||false|false\u00bb custom_padding_phone=\u00bb20px||||false|false\u00bb global_colors_info=\u00bb{}\u00bb][et_pb_column type=\u00bb4_4&#8243; _builder_version=\u00bb4.23.1&#8243; background_color=\u00bb#FFFFFF\u00bb custom_padding=\u00bb4vh|12vh|6vh|12vh|false|true\u00bb custom_padding_tablet=\u00bb5vh|0vh|2vh|0vh|false|true\u00bb custom_padding_phone=\u00bb0vh|0vh|0vh|0vh|true|true\u00bb custom_padding_last_edited=\u00bbon|phone\u00bb border_width_top=\u00bb60px\u00bb border_color_top=\u00bb#F9F9F9&#8243; border_color_bottom=\u00bb#f5f5f5&#8243; border_width_top_tablet=\u00bb0px\u00bb border_width_top_phone=\u00bb0px\u00bb border_width_top_last_edited=\u00bbon|phone\u00bb global_colors_info=\u00bb{}\u00bb][et_pb_text _builder_version=\u00bb4.23.1&#8243; header_2_font=\u00bb|800|||||||\u00bb header_2_text_color=\u00bb#0b2154&#8243; header_2_font_size=\u00bb45px\u00bb header_2_line_height=\u00bb1.2em\u00bb custom_margin=\u00bb30px||||false|false\u00bb animation_style=\u00bbfade\u00bb animation_delay=\u00bb300ms\u00bb header_2_font_size_tablet=\u00bb35px\u00bb header_2_font_size_phone=\u00bb25px\u00bb header_2_font_size_last_edited=\u00bbon|phone\u00bb header_2_line_height_phone=\u00bb1.4em\u00bb header_2_line_height_last_edited=\u00bboff|desktop\u00bb global_colors_info=\u00bb{}\u00bb header_2_letter_spacing__hover_enabled=\u00bboff|desktop\u00bb]<\/p>\n<h2>Estaciones de servicio<\/h2>\n<p>[\/et_pb_text][et_pb_text _builder_version=\u00bb4.23.1&#8243; text_line_height=\u00bb1.8em\u00bb custom_margin=\u00bb||30px||false|false\u00bb custom_padding=\u00bb14px||||false|false\u00bb animation_style=\u00bbfade\u00bb animation_delay=\u00bb300ms\u00bb global_colors_info=\u00bb{}\u00bb]<\/p>\n<p><span>En Hidifer, nos esforzamos por ofrecer no solo <strong>combustibles de alta calidad<\/strong>, sino tambi\u00e9n una experiencia completa para nuestros clientes. Desde la atenci\u00f3n al cliente hasta la sostenibilidad ambiental, estamos <strong>comprometidos con la excelencia<\/strong> en todos los aspectos de nuestro negocio.<\/span><\/p>\n<p>[\/et_pb_text][et_pb_image src=\u00bbhttps:\/\/hidiferestacionesdeservicio.com\/wp-content\/uploads\/2023\/11\/2021-05-24-1.jpg\u00bb title_text=\u00bb2021-05-24 (1)\u00bb disabled_on=\u00bboff|off|on\u00bb _builder_version=\u00bb4.23.1&#8243; _module_preset=\u00bbdefault\u00bb border_radii=\u00bbon|5px|5px|5px|5px\u00bb global_colors_info=\u00bb{}\u00bb][\/et_pb_image][et_pb_accordion open_toggle_text_color=\u00bb#101F44&#8243; open_toggle_background_color=\u00bbRGBA(255,255,255,0)\u00bb closed_toggle_background_color=\u00bbRGBA(255,255,255,0)\u00bb icon_color=\u00bb#8DC63F\u00bb _builder_version=\u00bb4.23.1&#8243; _module_preset=\u00bbdefault\u00bb toggle_text_color=\u00bb#101F44&#8243; toggle_font=\u00bb|800|||||||\u00bb custom_margin_tablet=\u00bb\u00bb custom_margin_phone=\u00bb|0px||0px|false|true\u00bb custom_margin_last_edited=\u00bbon|phone\u00bb custom_padding_tablet=\u00bb\u00bb custom_padding_phone=\u00bb|0px||0px|false|true\u00bb custom_padding_last_edited=\u00bbon|phone\u00bb toggle_font_size_tablet=\u00bb22px\u00bb toggle_font_size_phone=\u00bb20px\u00bb toggle_font_size_last_edited=\u00bbon|phone\u00bb custom_css_free_form=\u00bb@media only screen and (max-width: 480px){||.et_pb_gutters1 .et_pb_column .et_pb_module, .et_pb_gutters1.et_pb_row .et_pb_column .et_pb_module.et_pb_toggle .et_pb_module .et_pb_accordion_item .et_pb_accordion_item {||  padding-left: 0px!important;||  padding-right: 10px!important;||}||}\u00bb border_width_all=\u00bb0px\u00bb border_width_bottom=\u00bb1px\u00bb border_color_bottom=\u00bb#8DC63F\u00bb global_colors_info=\u00bb{}\u00bb][et_pb_accordion_item title=\u00bb\u00bfD\u00f3nde est\u00e1n nuestras estaciones?\u00bb open=\u00bbon\u00bb _builder_version=\u00bb4.23.1&#8243; _module_preset=\u00bbdefault\u00bb global_colors_info=\u00bb{}\u00bb]<\/p>\n<p>Nuestras gasolineras est\u00e1n distribuidas entre Grijota, Burgos, Villarramiel y Sarrac\u00edn.<\/p>\n<p>[\/et_pb_accordion_item][et_pb_accordion_item title=\u00bb\u00bfCon qu\u00e9 variedad de combustibles trabajamos?\u00bb _builder_version=\u00bb4.23.1&#8243; _module_preset=\u00bbdefault\u00bb global_colors_info=\u00bb{}\u00bb open=\u00bboff\u00bb]<\/p>\n<p><span>No solo ofrecemos combustibles tradicionales como la gasolina o el di\u00e9sel, tambi\u00e9n cuenta con botellas de gas butano y propano y Adblue.\u00a0<\/span><\/p>\n<p>[\/et_pb_accordion_item][et_pb_accordion_item title=\u00bb\u00bfQu\u00e9 ofrecemos a los veh\u00edculos el\u00e9ctricos?\u00bb _builder_version=\u00bb4.23.1&#8243; _module_preset=\u00bbdefault\u00bb global_colors_info=\u00bb{}\u00bb open=\u00bboff\u00bb]<\/p>\n<p><span>Contamos con puntos de recarga r\u00e1pida para este tipo de coches en ubicaciones estrat\u00e9gicas para una \u00f3ptima planificaci\u00f3n de tu viaje.<\/span><\/p>\n<p>[\/et_pb_accordion_item][\/et_pb_accordion][\/et_pb_column][\/et_pb_row][\/et_pb_section]<\/p>\n","protected":false},"excerpt":{"rendered":"<p>Descubre todas nuestrasestaciones de servicioSobre nosotrosHidifer es una empresa l\u00edder en el sector de combustibles con una red de cinco modernas gasolineras estrat\u00e9gicamente ubicadas para brindar un servicio eficiente a nuestros clientes. Nos enorgullece ofrecer productos de alta calidad, servicios innovadores y un compromiso constante con la sostenibilidad ambiental.Estaciones de servicioEn Hidifer, nos esforzamos por [&hellip;]<\/p>\n","protected":false},"author":1,"featured_media":0,"parent":0,"menu_order":0,"comment_status":"closed","ping_status":"closed","template":"","meta":{"_et_pb_use_builder":"on","_et_pb_old_content":"","_et_gb_content_width":"","footnotes":""},"class_list":["post-20","page","type-page","status-publish","hentry"],"_links":{"self":[{"href":"https:\/\/hidiferestacionesdeservicio.com\/index.php\/wp-json\/wp\/v2\/pages\/20","targetHints":{"allow":["GET"]}}],"collection":[{"href":"https:\/\/hidiferestacionesdeservicio.com\/index.php\/wp-json\/wp\/v2\/pages"}],"about":[{"href":"https:\/\/hidiferestacionesdeservicio.com\/index.php\/wp-json\/wp\/v2\/types\/page"}],"author":[{"embeddable":true,"href":"https:\/\/hidiferestacionesdeservicio.com\/index.php\/wp-json\/wp\/v2\/users\/1"}],"replies":[{"embeddable":true,"href":"https:\/\/hidiferestacionesdeservicio.com\/index.php\/wp-json\/wp\/v2\/comments?post=20"}],"version-history":[{"count":40,"href":"https:\/\/hidiferestacionesdeservicio.com\/index.php\/wp-json\/wp\/v2\/pages\/20\/revisions"}],"predecessor-version":[{"id":232,"href":"https:\/\/hidiferestacionesdeservicio.com\/index.php\/wp-json\/wp\/v2\/pages\/20\/revisions\/232"}],"wp:attachment":[{"href":"https:\/\/hidiferestacionesdeservicio.com\/index.php\/wp-json\/wp\/v2\/media?parent=20"}],"curies":[{"name":"wp","href":"https:\/\/api.w.org\/{rel}","templated":true}]}}